{"id":144,"date":"2018-08-01T17:49:46","date_gmt":"2018-08-01T15:49:46","guid":{"rendered":"https:\/\/tutech.de\/starterkit\/?page_id=144"},"modified":"2018-08-01T17:49:46","modified_gmt":"2018-08-01T15:49:46","slug":"datenschutzerklaerung","status":"publish","type":"page","link":"https:\/\/tutech.de\/starterkit\/datenschutzerklaerung\/","title":{"rendered":"Datenschutzerkl\u00e4rung"},"content":{"rendered":"<p>&#8222;Starter Kit&#8220; ist ein Angebot der TUTECH INNOVATION GMBH, das nicht \u00f6ffentlich verf\u00fcgbar ist. Alle relevanten Informationen zum Datenschutz sind im \u00f6ffentlichen Bereich unserer Webseite unter <a href=\"https:\/\/tutech.de\/datenschutz\">tutech.de\/datenschutz<\/a> abrufbar.<\/p>\n","protected":false},"excerpt":{"rendered":"<p>&#8222;Starter Kit&#8220; ist ein Angebot der TUTECH INNOVATION GMBH, das nicht \u00f6ffentlich verf\u00fcgbar ist. Alle relevanten Informationen zum Datenschutz sind im \u00f6ffentlichen Bereich unserer Webseite unter tutech.de\/datenschutz abrufbar.<\/p>\n","protected":false},"author":1,"featured_media":0,"parent":0,"menu_order":0,"comment_status":"closed","ping_status":"closed","template":"","meta":{"footnotes":""},"class_list":["post-144","page","type-page","status-publish","hentry"],"_links":{"self":[{"href":"https:\/\/tutech.de\/starterkit\/wp-json\/wp\/v2\/pages\/144","targetHints":{"allow":["GET"]}}],"collection":[{"href":"https:\/\/tutech.de\/starterkit\/wp-json\/wp\/v2\/pages"}],"about":[{"href":"https:\/\/tutech.de\/starterkit\/wp-json\/wp\/v2\/types\/page"}],"author":[{"embeddable":true,"href":"https:\/\/tutech.de\/starterkit\/wp-json\/wp\/v2\/users\/1"}],"replies":[{"embeddable":true,"href":"https:\/\/tutech.de\/starterkit\/wp-json\/wp\/v2\/comments?post=144"}],"version-history":[{"count":1,"href":"https:\/\/tutech.de\/starterkit\/wp-json\/wp\/v2\/pages\/144\/revisions"}],"predecessor-version":[{"id":145,"href":"https:\/\/tutech.de\/starterkit\/wp-json\/wp\/v2\/pages\/144\/revisions\/145"}],"wp:attachment":[{"href":"https:\/\/tutech.de\/starterkit\/wp-json\/wp\/v2\/media?parent=144"}],"curies":[{"name":"wp","href":"https:\/\/api.w.org\/{rel}","templated":true}]}}